{"id":2475,"date":"2025-07-03T13:42:27","date_gmt":"2025-07-03T13:42:27","guid":{"rendered":"https:\/\/www.yokai-lyon.com\/?page_id=2475"},"modified":"2025-07-03T13:42:27","modified_gmt":"2025-07-03T13:42:27","slug":"training","status":"publish","type":"page","link":"https:\/\/www.yokai-lyon.com\/?page_id=2475","title":{"rendered":"Training"},"content":{"rendered":"\n<figure class=\"wp-block-image size-large\"><img loading=\"lazy\" decoding=\"async\" width=\"721\" height=\"1024\" src=\"https:\/\/www.yokai-lyon.com\/wp-content\/uploads\/2025\/07\/unnamed-721x1024.jpg\" alt=\"\" class=\"wp-image-2476\" srcset=\"https:\/\/www.yokai-lyon.com\/wp-content\/uploads\/2025\/07\/unnamed-721x1024.jpg 721w, https:\/\/www.yokai-lyon.com\/wp-content\/uploads\/2025\/07\/unnamed-211x300.jpg 211w, https:\/\/www.yokai-lyon.com\/wp-content\/uploads\/2025\/07\/unnamed-768x1090.jpg 768w, https:\/\/www.yokai-lyon.com\/wp-content\/uploads\/2025\/07\/unnamed-1082x1536.jpg 1082w, https:\/\/www.yokai-lyon.com\/wp-content\/uploads\/2025\/07\/unnamed-685x973.jpg 685w, https:\/\/www.yokai-lyon.com\/wp-content\/uploads\/2025\/07\/unnamed.jpg 1165w\" sizes=\"auto, (max-width: 721px) 100vw, 721px\" \/><\/figure>\n\n\n\n<p><strong>proposition \/<\/strong>&nbsp;<\/p>\n\n\n\n<p>Plongez dans un training o\u00f9 la technique devient sensation et le geste, langage.<br>Une mise en corps en conscience avec comme partenaire le sol.&nbsp;<br>Jouer avec les principes de ce qui impulse, la gravit\u00e9, l\u2019\u00e9quilibre, la sensualit\u00e9, la musicalit\u00e9.<br>Par la mise en pratique de diff\u00e9rents outils tels que l\u2019auto-contact, le flow work, le flying low, le yoga, le shaking\u2026 nous irons d\u00e9lier les tensions, affiner la posture, activer les cha\u00eenes musculaires, fluidifier le mouvement afin d\u2019accorder notre corps-instrument.<br>En cultivant l\u2019\u00e9coute et la pr\u00e9sence, nous engagerons le corps dans sa globalit\u00e9, du centre vers l\u2019ext\u00e9rieur, pour sculpter l\u2019espace avec intention, en dialogue constant avec le vivant.<br>Destin\u00e9 \u00e0 celles et ceux qui souhaitent bouger autrement avec conscience et intensit\u00e9 dans un cadre bienveillant et stimulant.<\/p>\n\n\n\n<p><strong>avec<\/strong><strong>-par \/<\/strong><br><strong>Pauline Rigot-Muller .<\/strong>&nbsp;Dipl\u00f4m\u00e9e en arts visuels de l\u2019ERG \u00e0 Bruxelles et form\u00e9e en danse contemporaine au DanscentrumJette avec Roxane Huilmand (ROSAS), Pauline Rigot-Muller a travaill\u00e9 avec des figures majeures telles que Julyen Hamilton (improvisation), Martin Kilvadi (All Inclusif Technics), Josef Frucek (Fighting Monkey), David Zambrano (Flying Low) ou Damien Jalet (chor\u00e9graphie).Plusieurs cr\u00e9ations et collaborations ont incarn\u00e9 ses recherches qui ont \u00e9t\u00e9 jou\u00e9es dans plusieurs pays. Parall\u00e8lement, elle est dipl\u00f4m\u00e9e en kin\u00e9sith\u00e9rapie comportementale (m\u00e9thode GDS), s\u2019est form\u00e9e au yoga Iyengar, \u00e0 la m\u00e9thode de respiration De Gasquet, \u00e0 la naturopathie et \u00e0 la g\u00e9obiologie. Actuellement, elle fait partie du groupe de percussion africaine et de chant DunDunFo.Forte de 18 ans d\u2019exp\u00e9rience, son enseignement allie rigueur technique, sensibilit\u00e9, musicalit\u00e9 et enracinement, invitant chacun \u00e0 r\u00e9v\u00e9ler et incarner son authenticit\u00e9<\/p>\n","protected":false},"excerpt":{"rendered":"<p>proposition \/&nbsp; Plongez dans un training o\u00f9 la technique devient sensation et le geste, langage.Une mise en corps en conscience avec comme partenaire le sol.&nbsp;Jouer avec les principes de ce qui impulse, la gravit\u00e9, l\u2019\u00e9quilibre, la sensualit\u00e9, la musicalit\u00e9.Par la mise en pratique de diff\u00e9rents outils tels que l\u2019auto-contact, le flow work, le flying low, &hellip; <a href=\"https:\/\/www.yokai-lyon.com\/?page_id=2475\" class=\"more-link\">Lire la suite <span class=\"screen-reader-text\">Training<\/span><\/a><\/p>\n","protected":false},"author":1,"featured_media":0,"parent":0,"menu_order":0,"comment_status":"closed","ping_status":"closed","template":"","meta":{"advanced_seo_description":"","jetpack_seo_html_title":"","jetpack_seo_noindex":false,"footnotes":""},"class_list":["post-2475","page","type-page","status-publish","hentry"],"jetpack_sharing_enabled":true,"jetpack-related-posts":[{"id":1753,"url":"https:\/\/www.yokai-lyon.com\/","url_meta":{"origin":2475,"position":0},"title":"YOKA\u00cf c&rsquo;est qui?","author":"YOKAI Lyon","date":"5 octobre 2021","format":false,"excerpt":"Bienvenu ICI ! Apres une belle aventure avec mon studio YOKA\u00cf Lyon que j'ai fond\u00e9 en 2016 et que j'ai transmis en 2025 \u00e0 Clara qui l'a renomm\u00e9 CHANKA, je me lance dans de nouvelles aventures! Le corps le corps le corps, notre humble demeure... Bon et bien je passe\u2026","rel":"","context":"Article similaire","block_context":{"text":"Article similaire","link":""},"img":{"alt_text":"","src":"https:\/\/i0.wp.com\/www.yokai-lyon.com\/wp-content\/uploads\/2025\/06\/Capture-decran-2025-06-04-a-18.55.45.png?resize=350%2C200&ssl=1","width":350,"height":200,"srcset":"https:\/\/i0.wp.com\/www.yokai-lyon.com\/wp-content\/uploads\/2025\/06\/Capture-decran-2025-06-04-a-18.55.45.png?resize=350%2C200&ssl=1 1x, https:\/\/i0.wp.com\/www.yokai-lyon.com\/wp-content\/uploads\/2025\/06\/Capture-decran-2025-06-04-a-18.55.45.png?resize=525%2C300&ssl=1 1.5x"},"classes":[]},{"id":1911,"url":"https:\/\/www.yokai-lyon.com\/?page_id=1911","url_meta":{"origin":2475,"position":1},"title":"Le studio YOKA\u00cf devient CHANKA !","author":"YOKAI Lyon","date":"20 avril 2022","format":false,"excerpt":"Bonjour \u00e0 tous, Cela fait maintenant presque 9 ans que j\u2019ai fond\u00e9 le studio Yoka\u00ef !Je suis heureuse de vous annoncer que l\u2019aventure continue, d\u00e9sormais sous le nom de\u00a0Chanka, sous la direction de Clara. Je tiens \u00e0 exprimer ma gratitude \u00e0 toutes les personnes \u00e0 travers le monde qui sont\u2026","rel":"","context":"Article similaire","block_context":{"text":"Article similaire","link":""},"img":{"alt_text":"","src":"https:\/\/i0.wp.com\/www.yokai-lyon.com\/wp-content\/uploads\/2023\/10\/Atelier-Vannerie-Esteban-23-oct-23-scaled.jpg?resize=350%2C200&ssl=1","width":350,"height":200,"srcset":"https:\/\/i0.wp.com\/www.yokai-lyon.com\/wp-content\/uploads\/2023\/10\/Atelier-Vannerie-Esteban-23-oct-23-scaled.jpg?resize=350%2C200&ssl=1 1x, https:\/\/i0.wp.com\/www.yokai-lyon.com\/wp-content\/uploads\/2023\/10\/Atelier-Vannerie-Esteban-23-oct-23-scaled.jpg?resize=525%2C300&ssl=1 1.5x, https:\/\/i0.wp.com\/www.yokai-lyon.com\/wp-content\/uploads\/2023\/10\/Atelier-Vannerie-Esteban-23-oct-23-scaled.jpg?resize=700%2C400&ssl=1 2x, https:\/\/i0.wp.com\/www.yokai-lyon.com\/wp-content\/uploads\/2023\/10\/Atelier-Vannerie-Esteban-23-oct-23-scaled.jpg?resize=1050%2C600&ssl=1 3x, https:\/\/i0.wp.com\/www.yokai-lyon.com\/wp-content\/uploads\/2023\/10\/Atelier-Vannerie-Esteban-23-oct-23-scaled.jpg?resize=1400%2C800&ssl=1 4x"},"classes":[]}],"_links":{"self":[{"href":"https:\/\/www.yokai-lyon.com\/index.php?rest_route=\/wp\/v2\/pages\/2475","targetHints":{"allow":["GET"]}}],"collection":[{"href":"https:\/\/www.yokai-lyon.com\/index.php?rest_route=\/wp\/v2\/pages"}],"about":[{"href":"https:\/\/www.yokai-lyon.com\/index.php?rest_route=\/wp\/v2\/types\/page"}],"author":[{"embeddable":true,"href":"https:\/\/www.yokai-lyon.com\/index.php?rest_route=\/wp\/v2\/users\/1"}],"replies":[{"embeddable":true,"href":"https:\/\/www.yokai-lyon.com\/index.php?rest_route=%2Fwp%2Fv2%2Fcomments&post=2475"}],"version-history":[{"count":1,"href":"https:\/\/www.yokai-lyon.com\/index.php?rest_route=\/wp\/v2\/pages\/2475\/revisions"}],"predecessor-version":[{"id":2478,"href":"https:\/\/www.yokai-lyon.com\/index.php?rest_route=\/wp\/v2\/pages\/2475\/revisions\/2478"}],"wp:attachment":[{"href":"https:\/\/www.yokai-lyon.com\/index.php?rest_route=%2Fwp%2Fv2%2Fmedia&parent=2475"}],"curies":[{"name":"wp","href":"https:\/\/api.w.org\/{rel}","templated":true}]}}