{"id":530,"date":"2018-12-07T07:29:16","date_gmt":"2018-12-07T07:29:16","guid":{"rendered":"http:\/\/yokai-lyon.com\/?page_id=530"},"modified":"2025-02-03T22:49:31","modified_gmt":"2025-02-03T22:49:31","slug":"contact","status":"publish","type":"page","link":"https:\/\/www.yokai-lyon.com\/?page_id=530","title":{"rendered":"Contact"},"content":{"rendered":"\n<p class=\"has-text-align-left\"><a href=\"mailto:yokai.lyon@gmail.com\">yokai.lyon@gmail.com<\/a><\/p>\n\n\n\n<p class=\"has-text-align-left\">07 87 26 14 11<\/p>\n\n\n\n<p>Pauline<\/p>\n\n\n<h1 class=\"wp-block-site-title\"><a href=\"https:\/\/www.yokai-lyon.com\" target=\"_self\" rel=\"home\">YOKA\u00cf-Lyon<\/a><\/h1>\n\n\n<div class=\"wp-block-image\"><figure class=\"aligncenter is-resized\"><img loading=\"lazy\" decoding=\"async\" src=\"https:\/\/yokaidotlyon.files.wordpress.com\/2018\/12\/gl-divider1.png\" alt=\"\" class=\"wp-image-547\" width=\"47\" height=\"33\"\/><\/figure><\/div>\n\n\n\n<div class=\"wp-block-image\"><figure class=\"aligncenter is-resized\"><img loading=\"lazy\" decoding=\"async\" src=\"https:\/\/yokaidotlyon.files.wordpress.com\/2018\/12\/gl-divider1.png\" alt=\"\" class=\"wp-image-547\" width=\"47\" height=\"33\"\/><\/figure><\/div>\n","protected":false},"excerpt":{"rendered":"<p>yokai.lyon@gmail.com 07 87 26 14 11 Pauline<\/p>\n","protected":false},"author":1,"featured_media":949,"parent":0,"menu_order":0,"comment_status":"closed","ping_status":"closed","template":"","meta":{"advanced_seo_description":"","jetpack_seo_html_title":"","jetpack_seo_noindex":false,"footnotes":""},"class_list":["post-530","page","type-page","status-publish","has-post-thumbnail","hentry"],"jetpack_sharing_enabled":true,"jetpack-related-posts":[{"id":2475,"url":"https:\/\/www.yokai-lyon.com\/?page_id=2475","url_meta":{"origin":530,"position":0},"title":"Training","author":"YOKAI Lyon","date":"3 juillet 2025","format":false,"excerpt":"proposition \/\u00a0 Plongez dans un training o\u00f9 la technique devient sensation et le geste, langage.Une mise en corps en conscience avec comme partenaire le sol.\u00a0Jouer avec les principes de ce qui impulse, la gravit\u00e9, l\u2019\u00e9quilibre, la sensualit\u00e9, la musicalit\u00e9.Par la mise en pratique de diff\u00e9rents outils tels que l\u2019auto-contact, le\u2026","rel":"","context":"Article similaire","block_context":{"text":"Article similaire","link":""},"img":{"alt_text":"","src":"https:\/\/i0.wp.com\/www.yokai-lyon.com\/wp-content\/uploads\/2025\/07\/unnamed.jpg?resize=350%2C200&ssl=1","width":350,"height":200,"srcset":"https:\/\/i0.wp.com\/www.yokai-lyon.com\/wp-content\/uploads\/2025\/07\/unnamed.jpg?resize=350%2C200&ssl=1 1x, https:\/\/i0.wp.com\/www.yokai-lyon.com\/wp-content\/uploads\/2025\/07\/unnamed.jpg?resize=525%2C300&ssl=1 1.5x, https:\/\/i0.wp.com\/www.yokai-lyon.com\/wp-content\/uploads\/2025\/07\/unnamed.jpg?resize=700%2C400&ssl=1 2x, https:\/\/i0.wp.com\/www.yokai-lyon.com\/wp-content\/uploads\/2025\/07\/unnamed.jpg?resize=1050%2C600&ssl=1 3x"},"classes":[]},{"id":1750,"url":"https:\/\/www.yokai-lyon.com\/?page_id=1750","url_meta":{"origin":530,"position":1},"title":"Tarifs","author":"YOKAI Lyon","date":"5 octobre 2021","format":false,"excerpt":"1 cours particulier 60\u20ac \/ 5 cours 200\u20ac \/ 10 cours 300\u20ac Demi-journ\u00e9e accompagnement groupe ou projet sc\u00e9nique : 130\u20ac Journ\u00e9e accompagnement groupe ou projet sc\u00e9nique : 220\u20ac Sachez que je vous transmet des tips dont vous vous servirez toutes votre vie et qui seront vos appuis pour r\u00e9soudre vous\u2026","rel":"","context":"Article similaire","block_context":{"text":"Article similaire","link":""},"img":{"alt_text":"","src":"","width":0,"height":0},"classes":[]},{"id":1753,"url":"https:\/\/www.yokai-lyon.com\/","url_meta":{"origin":530,"position":2},"title":"YOKA\u00cf c&rsquo;est qui?","author":"YOKAI Lyon","date":"5 octobre 2021","format":false,"excerpt":"Bienvenu ICI ! Apres une belle aventure avec mon studio YOKA\u00cf Lyon que j'ai fond\u00e9 en 2016 et que j'ai transmis en 2025 \u00e0 Clara qui l'a renomm\u00e9 CHANKA, je me lance dans de nouvelles aventures! Le corps le corps le corps, notre humble demeure... Bon et bien je passe\u2026","rel":"","context":"Article similaire","block_context":{"text":"Article similaire","link":""},"img":{"alt_text":"","src":"https:\/\/i0.wp.com\/www.yokai-lyon.com\/wp-content\/uploads\/2025\/06\/Capture-decran-2025-06-04-a-18.55.45.png?resize=350%2C200&ssl=1","width":350,"height":200,"srcset":"https:\/\/i0.wp.com\/www.yokai-lyon.com\/wp-content\/uploads\/2025\/06\/Capture-decran-2025-06-04-a-18.55.45.png?resize=350%2C200&ssl=1 1x, https:\/\/i0.wp.com\/www.yokai-lyon.com\/wp-content\/uploads\/2025\/06\/Capture-decran-2025-06-04-a-18.55.45.png?resize=525%2C300&ssl=1 1.5x"},"classes":[]},{"id":1911,"url":"https:\/\/www.yokai-lyon.com\/?page_id=1911","url_meta":{"origin":530,"position":3},"title":"Le studio YOKA\u00cf devient CHANKA !","author":"YOKAI Lyon","date":"20 avril 2022","format":false,"excerpt":"Bonjour \u00e0 tous, Cela fait maintenant presque 9 ans que j\u2019ai fond\u00e9 le studio Yoka\u00ef !Je suis heureuse de vous annoncer que l\u2019aventure continue, d\u00e9sormais sous le nom de\u00a0Chanka, sous la direction de Clara. Je tiens \u00e0 exprimer ma gratitude \u00e0 toutes les personnes \u00e0 travers le monde qui sont\u2026","rel":"","context":"Article similaire","block_context":{"text":"Article similaire","link":""},"img":{"alt_text":"","src":"https:\/\/i0.wp.com\/www.yokai-lyon.com\/wp-content\/uploads\/2023\/10\/Atelier-Vannerie-Esteban-23-oct-23-scaled.jpg?resize=350%2C200&ssl=1","width":350,"height":200,"srcset":"https:\/\/i0.wp.com\/www.yokai-lyon.com\/wp-content\/uploads\/2023\/10\/Atelier-Vannerie-Esteban-23-oct-23-scaled.jpg?resize=350%2C200&ssl=1 1x, https:\/\/i0.wp.com\/www.yokai-lyon.com\/wp-content\/uploads\/2023\/10\/Atelier-Vannerie-Esteban-23-oct-23-scaled.jpg?resize=525%2C300&ssl=1 1.5x, https:\/\/i0.wp.com\/www.yokai-lyon.com\/wp-content\/uploads\/2023\/10\/Atelier-Vannerie-Esteban-23-oct-23-scaled.jpg?resize=700%2C400&ssl=1 2x, https:\/\/i0.wp.com\/www.yokai-lyon.com\/wp-content\/uploads\/2023\/10\/Atelier-Vannerie-Esteban-23-oct-23-scaled.jpg?resize=1050%2C600&ssl=1 3x, https:\/\/i0.wp.com\/www.yokai-lyon.com\/wp-content\/uploads\/2023\/10\/Atelier-Vannerie-Esteban-23-oct-23-scaled.jpg?resize=1400%2C800&ssl=1 4x"},"classes":[]}],"_links":{"self":[{"href":"https:\/\/www.yokai-lyon.com\/index.php?rest_route=\/wp\/v2\/pages\/530","targetHints":{"allow":["GET"]}}],"collection":[{"href":"https:\/\/www.yokai-lyon.com\/index.php?rest_route=\/wp\/v2\/pages"}],"about":[{"href":"https:\/\/www.yokai-lyon.com\/index.php?rest_route=\/wp\/v2\/types\/page"}],"author":[{"embeddable":true,"href":"https:\/\/www.yokai-lyon.com\/index.php?rest_route=\/wp\/v2\/users\/1"}],"replies":[{"embeddable":true,"href":"https:\/\/www.yokai-lyon.com\/index.php?rest_route=%2Fwp%2Fv2%2Fcomments&post=530"}],"version-history":[{"count":57,"href":"https:\/\/www.yokai-lyon.com\/index.php?rest_route=\/wp\/v2\/pages\/530\/revisions"}],"predecessor-version":[{"id":2439,"href":"https:\/\/www.yokai-lyon.com\/index.php?rest_route=\/wp\/v2\/pages\/530\/revisions\/2439"}],"wp:featuredmedia":[{"embeddable":true,"href":"https:\/\/www.yokai-lyon.com\/index.php?rest_route=\/wp\/v2\/media\/949"}],"wp:attachment":[{"href":"https:\/\/www.yokai-lyon.com\/index.php?rest_route=%2Fwp%2Fv2%2Fmedia&parent=530"}],"curies":[{"name":"wp","href":"https:\/\/api.w.org\/{rel}","templated":true}]}}